{"id":127,"date":"2024-02-18T21:37:21","date_gmt":"2024-02-18T21:37:21","guid":{"rendered":"https:\/\/www.mihokbarbara.hu\/?page_id=127"},"modified":"2024-02-27T15:20:14","modified_gmt":"2024-02-27T15:20:14","slug":"impresszum","status":"publish","type":"page","link":"https:\/\/www.mihokbarbara.hu\/en\/impresszum\/","title":{"rendered":"Impresszum"},"content":{"rendered":"[et_pb_section fb_built=&#8221;1&#8243; theme_builder_area=&#8221;post_content&#8221; _builder_version=&#8221;4.24.0&#8243; _module_preset=&#8221;default&#8221;][et_pb_row _builder_version=&#8221;4.24.0&#8243; _module_preset=&#8221;default&#8221; theme_builder_area=&#8221;post_content&#8221;][et_pb_column _builder_version=&#8221;4.24.0&#8243; _module_preset=&#8221;default&#8221; type=&#8221;4_4&#8243; theme_builder_area=&#8221;post_content&#8221;][et_pb_text _builder_version=&#8221;4.24.0&#8243; _module_preset=&#8221;default&#8221; theme_builder_area=&#8221;post_content&#8221; hover_enabled=&#8221;0&#8243; sticky_enabled=&#8221;0&#8243;]<p>Your content goes here. Edit or remove this text inline or in the module Content settings. You can also style every aspect of this content in the module Design settings and even apply custom CSS to this text in the module Advanced settings.<\/p>[\/et_pb_text][\/et_pb_column][\/et_pb_row][\/et_pb_section]","protected":false},"excerpt":{"rendered":"<p>Mih\u00f3k Barbara, \u00f6kol\u00f3gus \u00e9s ment\u00e1lhigi\u00e9n\u00e9s szakember. Seg\u00edtek biztons\u00e1gos \u00e9s jelent\u00e9steli kapcsolatot \u00e9p\u00edteni \u00f6nmagaddal \u00e9s a term\u00e9szettel.<\/p>","protected":false},"author":1,"featured_media":30,"parent":0,"menu_order":0,"comment_status":"closed","ping_status":"closed","template":"","meta":{"_et_pb_use_builder":"on","_et_pb_old_content":"","_et_gb_content_width":"","footnotes":""},"class_list":["post-127","page","type-page","status-publish","has-post-thumbnail","hentry"],"yoast_head":"<!-- This site is optimized with the Yoast SEO plugin v22.2 - https:\/\/yoast.com\/wordpress\/plugins\/seo\/ -->\n<title>Impresszum - Mih\u00f3k Barbara<\/title>\n<meta name=\"description\" content=\"Mih\u00f3k Barbara, \u00f6kol\u00f3gus \u00e9s ment\u00e1lhigi\u00e9n\u00e9s szakember. Seg\u00edtek biztons\u00e1gos \u00e9s jelent\u00e9steli kapcsolatot \u00e9p\u00edteni \u00f6nmagaddal \u00e9s a term\u00e9szettel.\" \/>\n<meta name=\"robots\" content=\"index, follow, max-snippet:-1, max-image-preview:large, max-video-preview:-1\" \/>\n<link rel=\"canonical\" href=\"https:\/\/www.mihokbarbara.hu\/en\/impresszum\/\" \/>\n<meta property=\"og:locale\" content=\"en_US\" \/>\n<meta property=\"og:type\" content=\"article\" \/>\n<meta property=\"og:title\" content=\"Mih\u00f3k Barbara, \u00f6kol\u00f3gus \u00e9s ment\u00e1lhigi\u00e9n\u00e9s szakember\" \/>\n<meta property=\"og:description\" content=\"Seg\u00edtek biztons\u00e1gos \u00e9s jelent\u00e9steli kapcsolatot \u00e9p\u00edteni \u00f6nmagaddal \u00e9s a term\u00e9szettel.\" \/>\n<meta property=\"og:url\" content=\"https:\/\/www.mihokbarbara.hu\/en\/impresszum\/\" \/>\n<meta property=\"og:site_name\" content=\"Mih\u00f3k Barbara\" \/>\n<meta property=\"article:modified_time\" content=\"2024-02-27T15:20:14+00:00\" \/>\n<meta property=\"og:image\" content=\"https:\/\/www.mihokbarbara.hu\/wp-content\/uploads\/2024\/02\/MG_1380.jpg\" \/>\n\t<meta property=\"og:image:width\" content=\"1200\" \/>\n\t<meta property=\"og:image:height\" content=\"800\" \/>\n\t<meta property=\"og:image:type\" content=\"image\/jpeg\" \/>\n<meta name=\"twitter:card\" content=\"summary_large_image\" \/>\n<meta name=\"twitter:title\" content=\"Mih\u00f3k Barbara, \u00f6kol\u00f3gus \u00e9s ment\u00e1lhigi\u00e9n\u00e9s szakember\" \/>\n<meta name=\"twitter:description\" content=\"Seg\u00edtek biztons\u00e1gos \u00e9s jelent\u00e9steli kapcsolatot \u00e9p\u00edteni \u00f6nmagaddal \u00e9s a term\u00e9szettel.\" \/>\n<meta name=\"twitter:image\" content=\"https:\/\/www.mihokbarbara.hu\/wp-content\/uploads\/2024\/02\/MG_1380.jpg\" \/>\n<meta name=\"twitter:label1\" content=\"Est. reading time\" \/>\n\t<meta name=\"twitter:data1\" content=\"1 minute\" \/>\n<script type=\"application\/ld+json\" class=\"yoast-schema-graph\">{\"@context\":\"https:\/\/schema.org\",\"@graph\":[{\"@type\":\"WebPage\",\"@id\":\"https:\/\/www.mihokbarbara.hu\/impresszum\/\",\"url\":\"https:\/\/www.mihokbarbara.hu\/impresszum\/\",\"name\":\"Impresszum - Mih\u00f3k Barbara\",\"isPartOf\":{\"@id\":\"https:\/\/www.mihokbarbara.hu\/#website\"},\"primaryImageOfPage\":{\"@id\":\"https:\/\/www.mihokbarbara.hu\/impresszum\/#primaryimage\"},\"image\":{\"@id\":\"https:\/\/www.mihokbarbara.hu\/impresszum\/#primaryimage\"},\"thumbnailUrl\":\"https:\/\/www.mihokbarbara.hu\/wp-content\/uploads\/2024\/02\/MG_1380.jpg\",\"datePublished\":\"2024-02-18T21:37:21+00:00\",\"dateModified\":\"2024-02-27T15:20:14+00:00\",\"description\":\"Mih\u00f3k Barbara, \u00f6kol\u00f3gus \u00e9s ment\u00e1lhigi\u00e9n\u00e9s szakember. Seg\u00edtek biztons\u00e1gos \u00e9s jelent\u00e9steli kapcsolatot \u00e9p\u00edteni \u00f6nmagaddal \u00e9s a term\u00e9szettel.\",\"breadcrumb\":{\"@id\":\"https:\/\/www.mihokbarbara.hu\/impresszum\/#breadcrumb\"},\"inLanguage\":\"en-US\",\"potentialAction\":[{\"@type\":\"ReadAction\",\"target\":[\"https:\/\/www.mihokbarbara.hu\/impresszum\/\"]}]},{\"@type\":\"ImageObject\",\"inLanguage\":\"en-US\",\"@id\":\"https:\/\/www.mihokbarbara.hu\/impresszum\/#primaryimage\",\"url\":\"https:\/\/www.mihokbarbara.hu\/wp-content\/uploads\/2024\/02\/MG_1380.jpg\",\"contentUrl\":\"https:\/\/www.mihokbarbara.hu\/wp-content\/uploads\/2024\/02\/MG_1380.jpg\",\"width\":1200,\"height\":800},{\"@type\":\"BreadcrumbList\",\"@id\":\"https:\/\/www.mihokbarbara.hu\/impresszum\/#breadcrumb\",\"itemListElement\":[{\"@type\":\"ListItem\",\"position\":1,\"name\":\"Home\",\"item\":\"https:\/\/www.mihokbarbara.hu\/\"},{\"@type\":\"ListItem\",\"position\":2,\"name\":\"Impresszum\"}]},{\"@type\":\"WebSite\",\"@id\":\"https:\/\/www.mihokbarbara.hu\/#website\",\"url\":\"https:\/\/www.mihokbarbara.hu\/\",\"name\":\"Mih\u00f3k Barbara\",\"description\":\"Term\u00e9szet \u00e9s l\u00e9lek \u2013 testet \u00f6lt\u00f6tt kapcsolat \u2013 Mih\u00f3k Barbara \u00f6kol\u00f3gus \u00e9s ment\u00e1lhigi\u00e9n\u00e9s szakember\",\"potentialAction\":[{\"@type\":\"SearchAction\",\"target\":{\"@type\":\"EntryPoint\",\"urlTemplate\":\"https:\/\/www.mihokbarbara.hu\/?s={search_term_string}\"},\"query-input\":\"required name=search_term_string\"}],\"inLanguage\":\"en-US\"}]}<\/script>\n<!-- \/ Yoast SEO plugin. -->","yoast_head_json":{"title":"Impresszum - Mih\u00f3k Barbara","description":"Mih\u00f3k Barbara, \u00f6kol\u00f3gus \u00e9s ment\u00e1lhigi\u00e9n\u00e9s szakember. Seg\u00edtek biztons\u00e1gos \u00e9s jelent\u00e9steli kapcsolatot \u00e9p\u00edteni \u00f6nmagaddal \u00e9s a term\u00e9szettel.","robots":{"index":"index","follow":"follow","max-snippet":"max-snippet:-1","max-image-preview":"max-image-preview:large","max-video-preview":"max-video-preview:-1"},"canonical":"https:\/\/www.mihokbarbara.hu\/en\/impresszum\/","og_locale":"en_US","og_type":"article","og_title":"Mih\u00f3k Barbara, \u00f6kol\u00f3gus \u00e9s ment\u00e1lhigi\u00e9n\u00e9s szakember","og_description":"Seg\u00edtek biztons\u00e1gos \u00e9s jelent\u00e9steli kapcsolatot \u00e9p\u00edteni \u00f6nmagaddal \u00e9s a term\u00e9szettel.","og_url":"https:\/\/www.mihokbarbara.hu\/en\/impresszum\/","og_site_name":"Mih\u00f3k Barbara","article_modified_time":"2024-02-27T15:20:14+00:00","og_image":[{"width":1200,"height":800,"url":"https:\/\/www.mihokbarbara.hu\/wp-content\/uploads\/2024\/02\/MG_1380.jpg","type":"image\/jpeg"}],"twitter_card":"summary_large_image","twitter_title":"Mih\u00f3k Barbara, \u00f6kol\u00f3gus \u00e9s ment\u00e1lhigi\u00e9n\u00e9s szakember","twitter_description":"Seg\u00edtek biztons\u00e1gos \u00e9s jelent\u00e9steli kapcsolatot \u00e9p\u00edteni \u00f6nmagaddal \u00e9s a term\u00e9szettel.","twitter_image":"https:\/\/www.mihokbarbara.hu\/wp-content\/uploads\/2024\/02\/MG_1380.jpg","twitter_misc":{"Est. reading time":"1 minute"},"schema":{"@context":"https:\/\/schema.org","@graph":[{"@type":"WebPage","@id":"https:\/\/www.mihokbarbara.hu\/impresszum\/","url":"https:\/\/www.mihokbarbara.hu\/impresszum\/","name":"Impresszum - Mih\u00f3k Barbara","isPartOf":{"@id":"https:\/\/www.mihokbarbara.hu\/#website"},"primaryImageOfPage":{"@id":"https:\/\/www.mihokbarbara.hu\/impresszum\/#primaryimage"},"image":{"@id":"https:\/\/www.mihokbarbara.hu\/impresszum\/#primaryimage"},"thumbnailUrl":"https:\/\/www.mihokbarbara.hu\/wp-content\/uploads\/2024\/02\/MG_1380.jpg","datePublished":"2024-02-18T21:37:21+00:00","dateModified":"2024-02-27T15:20:14+00:00","description":"Mih\u00f3k Barbara, \u00f6kol\u00f3gus \u00e9s ment\u00e1lhigi\u00e9n\u00e9s szakember. Seg\u00edtek biztons\u00e1gos \u00e9s jelent\u00e9steli kapcsolatot \u00e9p\u00edteni \u00f6nmagaddal \u00e9s a term\u00e9szettel.","breadcrumb":{"@id":"https:\/\/www.mihokbarbara.hu\/impresszum\/#breadcrumb"},"inLanguage":"en-US","potentialAction":[{"@type":"ReadAction","target":["https:\/\/www.mihokbarbara.hu\/impresszum\/"]}]},{"@type":"ImageObject","inLanguage":"en-US","@id":"https:\/\/www.mihokbarbara.hu\/impresszum\/#primaryimage","url":"https:\/\/www.mihokbarbara.hu\/wp-content\/uploads\/2024\/02\/MG_1380.jpg","contentUrl":"https:\/\/www.mihokbarbara.hu\/wp-content\/uploads\/2024\/02\/MG_1380.jpg","width":1200,"height":800},{"@type":"BreadcrumbList","@id":"https:\/\/www.mihokbarbara.hu\/impresszum\/#breadcrumb","itemListElement":[{"@type":"ListItem","position":1,"name":"Home","item":"https:\/\/www.mihokbarbara.hu\/"},{"@type":"ListItem","position":2,"name":"Impresszum"}]},{"@type":"WebSite","@id":"https:\/\/www.mihokbarbara.hu\/#website","url":"https:\/\/www.mihokbarbara.hu\/","name":"Mih\u00f3k Barbara","description":"Term\u00e9szet \u00e9s l\u00e9lek \u2013 testet \u00f6lt\u00f6tt kapcsolat \u2013 Mih\u00f3k Barbara \u00f6kol\u00f3gus \u00e9s ment\u00e1lhigi\u00e9n\u00e9s szakember","potentialAction":[{"@type":"SearchAction","target":{"@type":"EntryPoint","urlTemplate":"https:\/\/www.mihokbarbara.hu\/?s={search_term_string}"},"query-input":"required name=search_term_string"}],"inLanguage":"en-US"}]}},"_links":{"self":[{"href":"https:\/\/www.mihokbarbara.hu\/en\/wp-json\/wp\/v2\/pages\/127","targetHints":{"allow":["GET"]}}],"collection":[{"href":"https:\/\/www.mihokbarbara.hu\/en\/wp-json\/wp\/v2\/pages"}],"about":[{"href":"https:\/\/www.mihokbarbara.hu\/en\/wp-json\/wp\/v2\/types\/page"}],"author":[{"embeddable":true,"href":"https:\/\/www.mihokbarbara.hu\/en\/wp-json\/wp\/v2\/users\/1"}],"replies":[{"embeddable":true,"href":"https:\/\/www.mihokbarbara.hu\/en\/wp-json\/wp\/v2\/comments?post=127"}],"version-history":[{"count":2,"href":"https:\/\/www.mihokbarbara.hu\/en\/wp-json\/wp\/v2\/pages\/127\/revisions"}],"predecessor-version":[{"id":259,"href":"https:\/\/www.mihokbarbara.hu\/en\/wp-json\/wp\/v2\/pages\/127\/revisions\/259"}],"wp:featuredmedia":[{"embeddable":true,"href":"https:\/\/www.mihokbarbara.hu\/en\/wp-json\/wp\/v2\/media\/30"}],"wp:attachment":[{"href":"https:\/\/www.mihokbarbara.hu\/en\/wp-json\/wp\/v2\/media?parent=127"}],"curies":[{"name":"wp","href":"https:\/\/api.w.org\/{rel}","templated":true}]}}