{"id":82,"date":"2024-02-18T20:53:31","date_gmt":"2024-02-18T20:53:31","guid":{"rendered":"https:\/\/www.mihokbarbara.hu\/?page_id=82"},"modified":"2024-03-10T20:41:49","modified_gmt":"2024-03-10T20:41:49","slug":"kapcsolat","status":"publish","type":"page","link":"https:\/\/www.mihokbarbara.hu\/en\/kapcsolat\/","title":{"rendered":"Contact"},"content":{"rendered":"<p>[et_pb_section fb_built=&#8221;1&#8243; admin_label=&#8221;Hero&#8221; _builder_version=&#8221;4.24.0&#8243; use_background_color_gradient=&#8221;on&#8221; background_color_gradient_stops=&#8221;gcid-d57ea8d0-bbc4-4e78-919f-c6b72a0a6065 0%|gcid-3719209c-0ed0-4042-b433-cf52410561da 100%&#8221; background_color_gradient_overlays_image=&#8221;on&#8221; background_color_gradient_start=&#8221;rgba(127,141,255,0.5)&#8221; background_color_gradient_end=&#8221;#7f8dff&#8221; background_image=&#8221;https:\/\/www.mihokbarbara.hu\/wp-content\/uploads\/2024\/02\/IMG_8237-scaled.jpg&#8221; custom_margin=&#8221;||||false&#8221; custom_padding=&#8221;0px||12vw||false|false&#8221; bottom_divider_style=&#8221;curve&#8221; bottom_divider_color=&#8221;gcid-57a85c1b-f042-4d53-97f9-6ad80cbd73cb&#8221; bottom_divider_height=&#8221;2.5vw&#8221; global_colors_info=&#8221;{%22gcid-57a85c1b-f042-4d53-97f9-6ad80cbd73cb%22:%91%22bottom_divider_color%22,%22background_color_gradient_stops%22%93,%22gcid-4d8dcec0-d78b-40b8-bd7b-3ff974cd293e%22:%91%22background_color_gradient_stops%22%93,%22gcid-1e6a2b62-59d6-4508-a094-56a62019648c%22:%91%22background_color_gradient_stops%22%93,%22gcid-daf42880-4d0c-43e8-aa5e-da7cd551e49c%22:%91%22background_color_gradient_stops%22%93,%22gcid-ceae24f5-bde6-4a1c-9a86-5e08f3a14b69%22:%91%22background_color_gradient_stops%22%93,%22gcid-3d6d07e7-d833-4752-a9fd-47dccfbc5b14%22:%91%22background_color_gradient_stops%22%93,%22gcid-12c2d0ed-be60-4fe5-ba3a-6345cceb518d%22:%91%22background_color_gradient_stops%22%93,%22gcid-d57ea8d0-bbc4-4e78-919f-c6b72a0a6065%22:%91%22background_color_gradient_stops%22%93,%22gcid-3719209c-0ed0-4042-b433-cf52410561da%22:%91%22background_color_gradient_stops%22%93}&#8221;][et_pb_row column_structure=&#8221;1_4,1_2,1_4&#8243; disabled_on=&#8221;on|on|off&#8221; _builder_version=&#8221;4.24.0&#8243; _module_preset=&#8221;default&#8221; background_enable_color=&#8221;off&#8221; use_background_color_gradient=&#8221;on&#8221; background_color_gradient_stops=&#8221;rgba(0,0,0,0.25) 24%|rgba(0,0,0,0) 100%&#8221; width=&#8221;100%&#8221; width_tablet=&#8221;90%&#8221; width_last_edited=&#8221;off|desktop&#8221; max_width=&#8221;2560px&#8221; custom_margin=&#8221;||6vw||false|false&#8221; custom_padding=&#8221;|10%||10%|false|false&#8221; locked=&#8221;off&#8221; global_colors_info=&#8221;{}&#8221;][et_pb_column type=&#8221;1_4&#8243; _builder_version=&#8221;4.24.0&#8243; _module_preset=&#8221;default&#8221; global_colors_info=&#8221;{}&#8221;][et_pb_text _builder_version=&#8221;4.24.0&#8243; _dynamic_attributes=&#8221;link_option_url&#8221; _module_preset=&#8221;default&#8221; text_font=&#8221;||||||||&#8221; text_font_size=&#8221;16px&#8221; text_line_height=&#8221;2em&#8221; header_font=&#8221;Montserrat|700|||||||&#8221; header_text_color=&#8221;#FFFFFF&#8221; header_font_size=&#8221;1.3vw&#8221; header_2_font=&#8221;Montserrat||||||||&#8221; header_2_text_color=&#8221;gcid-4d8dcec0-d78b-40b8-bd7b-3ff974cd293e&#8221; header_2_font_size=&#8221;0.8vw&#8221; header_2_line_height=&#8221;1.4em&#8221; header_5_font=&#8221;||||||||&#8221; header_5_text_color=&#8221;#7f8dff&#8221; header_5_line_height=&#8221;2em&#8221; max_width=&#8221;700px&#8221; link_option_url=&#8221;@ET-DC@eyJkeW5hbWljIjp0cnVlLCJjb250ZW50IjoiaG9tZV91cmwiLCJzZXR0aW5ncyI6e319@&#8221; header_2_font_size_tablet=&#8221;2vw&#8221; header_2_font_size_phone=&#8221;30px&#8221; header_2_font_size_last_edited=&#8221;on|tablet&#8221; global_colors_info=&#8221;{%22gcid-4d8dcec0-d78b-40b8-bd7b-3ff974cd293e%22:%91%22header_2_text_color%22%93}&#8221;]<\/p>\n<h1>Barbara Mih\u00f3k<\/h1>\n<p>[\/et_pb_text][\/et_pb_column][et_pb_column type=&#8221;1_2&#8243; _builder_version=&#8221;4.24.0&#8243; _module_preset=&#8221;default&#8221; global_colors_info=&#8221;{}&#8221;][et_pb_menu menu_style=&#8221;centered&#8221; active_link_color=&#8221;#FFFFFF&#8221; _builder_version=&#8221;4.24.0&#8243; _module_preset=&#8221;default&#8221; menu_font=&#8221;Montserrat||||||||&#8221; menu_text_color=&#8221;#FFFFFF&#8221; background_enable_color=&#8221;off&#8221; global_colors_info=&#8221;{}&#8221;][\/et_pb_menu][\/et_pb_column][et_pb_column type=&#8221;1_4&#8243; _builder_version=&#8221;4.24.0&#8243; _module_preset=&#8221;default&#8221; global_colors_info=&#8221;{}&#8221;][et_pb_icon font_icon=&#8221;&#xe0aa;||divi||400&#8243; icon_color=&#8221;#FFFFFF&#8221; icon_width=&#8221;24px&#8221; url=&#8221;https:\/\/www.facebook.com\/mihokbarbara&#8221; align=&#8221;right&#8221; _builder_version=&#8221;4.24.0&#8243; _module_preset=&#8221;default&#8221; global_colors_info=&#8221;{}&#8221;][\/et_pb_icon][\/et_pb_column][\/et_pb_row][et_pb_row disabled_on=&#8221;off|off|on&#8221; _builder_version=&#8221;4.24.0&#8243; _module_preset=&#8221;default&#8221; width=&#8221;90%&#8221; width_tablet=&#8221;90%&#8221; width_last_edited=&#8221;off|desktop&#8221; custom_margin=&#8221;||6vw||false|false&#8221; custom_padding=&#8221;||||false|false&#8221; locked=&#8221;off&#8221; global_colors_info=&#8221;{}&#8221;][et_pb_column type=&#8221;4_4&#8243; _builder_version=&#8221;4.24.0&#8243; _module_preset=&#8221;default&#8221; global_colors_info=&#8221;{}&#8221;][et_pb_menu active_link_color=&#8221;#FFFFFF&#8221; dropdown_menu_bg_color=&#8221;#FFFFFF&#8221; dropdown_menu_line_color=&#8221;gcid-57a85c1b-f042-4d53-97f9-6ad80cbd73cb&#8221; dropdown_menu_text_color=&#8221;gcid-4d8dcec0-d78b-40b8-bd7b-3ff974cd293e&#8221; dropdown_menu_active_link_color=&#8221;gcid-4d8dcec0-d78b-40b8-bd7b-3ff974cd293e&#8221; mobile_menu_bg_color=&#8221;#FFFFFF&#8221; mobile_menu_text_color=&#8221;gcid-4d8dcec0-d78b-40b8-bd7b-3ff974cd293e&#8221; cart_icon_color=&#8221;#FFFFFF&#8221; search_icon_color=&#8221;#FFFFFF&#8221; menu_icon_color=&#8221;#FFFFFF&#8221; _builder_version=&#8221;4.24.0&#8243; _module_preset=&#8221;default&#8221; menu_font=&#8221;Montserrat||||||||&#8221; menu_text_color=&#8221;#FFFFFF&#8221; background_enable_color=&#8221;off&#8221; locked=&#8221;off&#8221; global_colors_info=&#8221;{%22gcid-4d8dcec0-d78b-40b8-bd7b-3ff974cd293e%22:%91%22mobile_menu_text_color%22,%22dropdown_menu_active_link_color%22,%22dropdown_menu_text_color%22%93,%22gcid-57a85c1b-f042-4d53-97f9-6ad80cbd73cb%22:%91%22dropdown_menu_line_color%22%93}&#8221;][\/et_pb_menu][\/et_pb_column][\/et_pb_row][et_pb_row _builder_version=&#8221;4.16&#8243; animation_style=&#8221;fade&#8221; global_colors_info=&#8221;{}&#8221;][et_pb_column type=&#8221;4_4&#8243; _builder_version=&#8221;4.16&#8243; custom_padding=&#8221;|||&#8221; global_colors_info=&#8221;{}&#8221; custom_padding__hover=&#8221;|||&#8221;][et_pb_text _builder_version=&#8221;4.24.0&#8243; text_font=&#8221;||||||||&#8221; text_font_size=&#8221;18px&#8221; text_line_height=&#8221;2em&#8221; header_font=&#8221;Montserrat|300|||||||&#8221; header_text_color=&#8221;#FFFFFF&#8221; header_font_size=&#8221;50px&#8221; header_line_height=&#8221;1.4em&#8221; text_orientation=&#8221;center&#8221; max_width=&#8221;700px&#8221; module_alignment=&#8221;center&#8221; header_font_size_tablet=&#8221;40px&#8221; header_font_size_phone=&#8221;32px&#8221; header_font_size_last_edited=&#8221;on|desktop&#8221; global_colors_info=&#8221;{}&#8221;]<\/p>\n<h1>Contact<\/h1>\n<p>[\/et_pb_text][\/et_pb_column][\/et_pb_row][\/et_pb_section][et_pb_section fb_built=&#8221;1&#8243; admin_label=&#8221;FAQ&#8221; _builder_version=&#8221;4.24.0&#8243; background_color=&#8221;gcid-57a85c1b-f042-4d53-97f9-6ad80cbd73cb&#8221; custom_padding=&#8221;54px|0px|54px|0px|false|false&#8221; global_colors_info=&#8221;{%22gcid-57a85c1b-f042-4d53-97f9-6ad80cbd73cb%22:%91%22background_color%22%93}&#8221;][et_pb_row column_structure=&#8221;2_3,1_3&#8243; _builder_version=&#8221;4.16&#8243; locked=&#8221;off&#8221; global_colors_info=&#8221;{}&#8221;][et_pb_column type=&#8221;2_3&#8243; _builder_version=&#8221;4.16&#8243; custom_padding=&#8221;|||&#8221; global_colors_info=&#8221;{}&#8221; custom_padding__hover=&#8221;|||&#8221;][et_pb_contact_form submit_button_text=&#8221;Elk\u00fcld\u00f6m&#8221; module_id=&#8221;et_pb_contact_form_0&#8243; _builder_version=&#8221;4.24.0&#8243; form_field_background_color=&#8221;#FFFFFF&#8221; form_field_font=&#8221;||||||||&#8221; custom_button=&#8221;on&#8221; button_text_size=&#8221;14px&#8221; button_text_color=&#8221;#ffffff&#8221; button_bg_color=&#8221;gcid-3719209c-0ed0-4042-b433-cf52410561da&#8221; button_border_width=&#8221;8px&#8221; button_border_color=&#8221;rgba(0,0,0,0)&#8221; button_border_radius=&#8221;100px&#8221; button_letter_spacing=&#8221;2px&#8221; button_font=&#8221;Montserrat|||on|||||&#8221; hover_enabled=&#8221;0&#8243; custom_css_free_form=&#8221;selector .et_contact_bottom_container {||  color: #fff;||}&#8221; border_radii=&#8221;on|10px|10px|10px|10px&#8221; border_width_all=&#8221;2px&#8221; border_color_all=&#8221;rgba(0,0,0,0.06)&#8221; form_background_color=&#8221;rgba(0,0,0,0)&#8221; global_colors_info=&#8221;{%22gcid-3719209c-0ed0-4042-b433-cf52410561da%22:%91%22button_bg_color%22%93}&#8221; email=&#8221;barbaramihok@gmail.com&#8221; sticky_enabled=&#8221;0&#8243;][et_pb_contact_field field_id=&#8221;Name&#8221; field_title=&#8221;N\u00e9v&#8221; _builder_version=&#8221;4.24.0&#8243; global_colors_info=&#8221;{}&#8221; button_text_size__hover_enabled=&#8221;off&#8221; button_one_text_size__hover_enabled=&#8221;off&#8221; button_two_text_size__hover_enabled=&#8221;off&#8221; button_text_color__hover_enabled=&#8221;off&#8221; button_one_text_color__hover_enabled=&#8221;off&#8221; button_two_text_color__hover_enabled=&#8221;off&#8221; button_border_width__hover_enabled=&#8221;off&#8221; button_one_border_width__hover_enabled=&#8221;off&#8221; button_two_border_width__hover_enabled=&#8221;off&#8221; button_border_color__hover_enabled=&#8221;off&#8221; button_one_border_color__hover_enabled=&#8221;off&#8221; button_two_border_color__hover_enabled=&#8221;off&#8221; button_border_radius__hover_enabled=&#8221;off&#8221; button_one_border_radius__hover_enabled=&#8221;off&#8221; button_two_border_radius__hover_enabled=&#8221;off&#8221; button_letter_spacing__hover_enabled=&#8221;off&#8221; button_one_letter_spacing__hover_enabled=&#8221;off&#8221; button_two_letter_spacing__hover_enabled=&#8221;off&#8221; button_bg_color__hover_enabled=&#8221;off&#8221; button_one_bg_color__hover_enabled=&#8221;off&#8221; button_two_bg_color__hover_enabled=&#8221;off&#8221;][\/et_pb_contact_field][et_pb_contact_field field_id=&#8221;Email&#8221; field_title=&#8221;E-mail&#8221; field_type=&#8221;email&#8221; _builder_version=&#8221;4.24.0&#8243; global_colors_info=&#8221;{}&#8221; button_text_size__hover_enabled=&#8221;off&#8221; button_one_text_size__hover_enabled=&#8221;off&#8221; button_two_text_size__hover_enabled=&#8221;off&#8221; button_text_color__hover_enabled=&#8221;off&#8221; button_one_text_color__hover_enabled=&#8221;off&#8221; button_two_text_color__hover_enabled=&#8221;off&#8221; button_border_width__hover_enabled=&#8221;off&#8221; button_one_border_width__hover_enabled=&#8221;off&#8221; button_two_border_width__hover_enabled=&#8221;off&#8221; button_border_color__hover_enabled=&#8221;off&#8221; button_one_border_color__hover_enabled=&#8221;off&#8221; button_two_border_color__hover_enabled=&#8221;off&#8221; button_border_radius__hover_enabled=&#8221;off&#8221; button_one_border_radius__hover_enabled=&#8221;off&#8221; button_two_border_radius__hover_enabled=&#8221;off&#8221; button_letter_spacing__hover_enabled=&#8221;off&#8221; button_one_letter_spacing__hover_enabled=&#8221;off&#8221; button_two_letter_spacing__hover_enabled=&#8221;off&#8221; button_bg_color__hover_enabled=&#8221;off&#8221; button_one_bg_color__hover_enabled=&#8221;off&#8221; button_two_bg_color__hover_enabled=&#8221;off&#8221;][\/et_pb_contact_field][et_pb_contact_field field_id=&#8221;Phone&#8221; field_title=&#8221;Telefonsz\u00e1m (opcion\u00e1lis)&#8221; required_mark=&#8221;off&#8221; fullwidth_field=&#8221;on&#8221; _builder_version=&#8221;4.24.0&#8243; global_colors_info=&#8221;{}&#8221; button_text_size__hover_enabled=&#8221;off&#8221; button_one_text_size__hover_enabled=&#8221;off&#8221; button_two_text_size__hover_enabled=&#8221;off&#8221; button_text_color__hover_enabled=&#8221;off&#8221; button_one_text_color__hover_enabled=&#8221;off&#8221; button_two_text_color__hover_enabled=&#8221;off&#8221; button_border_width__hover_enabled=&#8221;off&#8221; button_one_border_width__hover_enabled=&#8221;off&#8221; button_two_border_width__hover_enabled=&#8221;off&#8221; button_border_color__hover_enabled=&#8221;off&#8221; button_one_border_color__hover_enabled=&#8221;off&#8221; button_two_border_color__hover_enabled=&#8221;off&#8221; button_border_radius__hover_enabled=&#8221;off&#8221; button_one_border_radius__hover_enabled=&#8221;off&#8221; button_two_border_radius__hover_enabled=&#8221;off&#8221; button_letter_spacing__hover_enabled=&#8221;off&#8221; button_one_letter_spacing__hover_enabled=&#8221;off&#8221; button_two_letter_spacing__hover_enabled=&#8221;off&#8221; button_bg_color__hover_enabled=&#8221;off&#8221; button_one_bg_color__hover_enabled=&#8221;off&#8221; button_two_bg_color__hover_enabled=&#8221;off&#8221;][\/et_pb_contact_field][et_pb_contact_field field_id=&#8221;Message&#8221; field_title=&#8221;\u00dczenet&#8221; field_type=&#8221;text&#8221; fullwidth_field=&#8221;on&#8221; _builder_version=&#8221;4.24.0&#8243; global_colors_info=&#8221;{}&#8221; button_text_size__hover_enabled=&#8221;off&#8221; button_one_text_size__hover_enabled=&#8221;off&#8221; button_two_text_size__hover_enabled=&#8221;off&#8221; button_text_color__hover_enabled=&#8221;off&#8221; button_one_text_color__hover_enabled=&#8221;off&#8221; button_two_text_color__hover_enabled=&#8221;off&#8221; button_border_width__hover_enabled=&#8221;off&#8221; button_one_border_width__hover_enabled=&#8221;off&#8221; button_two_border_width__hover_enabled=&#8221;off&#8221; button_border_color__hover_enabled=&#8221;off&#8221; button_one_border_color__hover_enabled=&#8221;off&#8221; button_two_border_color__hover_enabled=&#8221;off&#8221; button_border_radius__hover_enabled=&#8221;off&#8221; button_one_border_radius__hover_enabled=&#8221;off&#8221; button_two_border_radius__hover_enabled=&#8221;off&#8221; button_letter_spacing__hover_enabled=&#8221;off&#8221; button_one_letter_spacing__hover_enabled=&#8221;off&#8221; button_two_letter_spacing__hover_enabled=&#8221;off&#8221; button_bg_color__hover_enabled=&#8221;off&#8221; button_one_bg_color__hover_enabled=&#8221;off&#8221; button_two_bg_color__hover_enabled=&#8221;off&#8221;][\/et_pb_contact_field][\/et_pb_contact_form][\/et_pb_column][et_pb_column type=&#8221;1_3&#8243; _builder_version=&#8221;4.16&#8243; custom_padding=&#8221;|||&#8221; global_colors_info=&#8221;{}&#8221; custom_padding__hover=&#8221;|||&#8221;][et_pb_blurb title=&#8221;06 30 9138836&#8243; use_icon=&#8221;on&#8221; font_icon=&#8221;&#xe090;||divi||400&#8243; icon_color=&#8221;gcid-3719209c-0ed0-4042-b433-cf52410561da&#8221; icon_placement=&#8221;left&#8221; image_icon_width=&#8221;24px&#8221; content_max_width=&#8221;1100px&#8221; _builder_version=&#8221;4.24.0&#8243; header_font=&#8221;Montserrat||||||||&#8221; header_text_color=&#8221;#FFFFFF&#8221; header_font_size=&#8221;16px&#8221; header_line_height=&#8221;1.4em&#8221; hover_enabled=&#8221;0&#8243; icon_font_size=&#8221;24px&#8221; locked=&#8221;off&#8221; global_colors_info=&#8221;{%22gcid-57a85c1b-f042-4d53-97f9-6ad80cbd73cb%22:%91%22body_text_color%22%93,%22gcid-3719209c-0ed0-4042-b433-cf52410561da%22:%91%22icon_color%22%93}&#8221; sticky_enabled=&#8221;0&#8243;][\/et_pb_blurb][et_pb_blurb title=&#8221;nature@mihokbarbara.hu&#8221; use_icon=&#8221;on&#8221; font_icon=&#8221;&#xe076;||divi||400&#8243; icon_color=&#8221;gcid-3719209c-0ed0-4042-b433-cf52410561da&#8221; icon_placement=&#8221;left&#8221; image_icon_width=&#8221;24px&#8221; content_max_width=&#8221;1100px&#8221; _builder_version=&#8221;4.24.0&#8243; header_font=&#8221;Montserrat||||||||&#8221; header_text_color=&#8221;#FFFFFF&#8221; header_font_size=&#8221;16px&#8221; header_line_height=&#8221;1.4em&#8221; hover_enabled=&#8221;0&#8243; icon_font_size=&#8221;24px&#8221; locked=&#8221;off&#8221; global_colors_info=&#8221;{%22gcid-57a85c1b-f042-4d53-97f9-6ad80cbd73cb%22:%91%22body_text_color%22,%22body_text_color%22%93,%22gcid-3719209c-0ed0-4042-b433-cf52410561da%22:%91%22icon_color%22%93,%22gcid-ceae24f5-bde6-4a1c-9a86-5e08f3a14b69%22:%91%22header_text_color%22%93}&#8221; sticky_enabled=&#8221;0&#8243;][\/et_pb_blurb][\/et_pb_column][\/et_pb_row][\/et_pb_section]<\/p>","protected":false},"excerpt":{"rendered":"<p>Mih\u00f3k Barbara, \u00f6kol\u00f3gus \u00e9s ment\u00e1lhigi\u00e9n\u00e9s szakember. Seg\u00edtek biztons\u00e1gos \u00e9s jelent\u00e9steli kapcsolatot \u00e9p\u00edteni \u00f6nmagaddal \u00e9s a term\u00e9szettel.<\/p>","protected":false},"author":1,"featured_media":30,"parent":0,"menu_order":0,"comment_status":"closed","ping_status":"closed","template":"","meta":{"_et_pb_use_builder":"on","_et_pb_old_content":"","_et_gb_content_width":"","footnotes":""},"class_list":["post-82","page","type-page","status-publish","has-post-thumbnail","hentry"],"yoast_head":"<!-- This site is optimized with the Yoast SEO plugin v22.2 - https:\/\/yoast.com\/wordpress\/plugins\/seo\/ -->\n<title>Kapcsolat - Mih\u00f3k Barbara<\/title>\n<meta name=\"description\" content=\"Mih\u00f3k Barbara, \u00f6kol\u00f3gus \u00e9s ment\u00e1lhigi\u00e9n\u00e9s szakember. Seg\u00edtek biztons\u00e1gos \u00e9s jelent\u00e9steli kapcsolatot \u00e9p\u00edteni \u00f6nmagaddal \u00e9s a term\u00e9szettel.\" \/>\n<meta name=\"robots\" content=\"index, follow, max-snippet:-1, max-image-preview:large, max-video-preview:-1\" \/>\n<link rel=\"canonical\" href=\"https:\/\/www.mihokbarbara.hu\/en\/kapcsolat\/\" \/>\n<meta property=\"og:locale\" content=\"en_US\" \/>\n<meta property=\"og:type\" content=\"article\" \/>\n<meta property=\"og:title\" content=\"Mih\u00f3k Barbara, \u00f6kol\u00f3gus \u00e9s ment\u00e1lhigi\u00e9n\u00e9s szakember\" \/>\n<meta property=\"og:description\" content=\"Seg\u00edtek biztons\u00e1gos \u00e9s jelent\u00e9steli kapcsolatot \u00e9p\u00edteni \u00f6nmagaddal \u00e9s a term\u00e9szettel.\" \/>\n<meta property=\"og:url\" content=\"https:\/\/www.mihokbarbara.hu\/en\/kapcsolat\/\" \/>\n<meta property=\"og:site_name\" content=\"Mih\u00f3k Barbara\" \/>\n<meta property=\"article:modified_time\" content=\"2024-03-10T20:41:49+00:00\" \/>\n<meta property=\"og:image\" content=\"https:\/\/www.mihokbarbara.hu\/wp-content\/uploads\/2024\/02\/MG_1380.jpg\" \/>\n\t<meta property=\"og:image:width\" content=\"1200\" \/>\n\t<meta property=\"og:image:height\" content=\"800\" \/>\n\t<meta property=\"og:image:type\" content=\"image\/jpeg\" \/>\n<meta name=\"twitter:card\" content=\"summary_large_image\" \/>\n<meta name=\"twitter:title\" content=\"Mih\u00f3k Barbara, \u00f6kol\u00f3gus \u00e9s ment\u00e1lhigi\u00e9n\u00e9s szakember\" \/>\n<meta name=\"twitter:description\" content=\"Seg\u00edtek biztons\u00e1gos \u00e9s jelent\u00e9steli kapcsolatot \u00e9p\u00edteni \u00f6nmagaddal \u00e9s a term\u00e9szettel.\" \/>\n<meta name=\"twitter:image\" content=\"https:\/\/www.mihokbarbara.hu\/wp-content\/uploads\/2024\/02\/MG_1380.jpg\" \/>\n<meta name=\"twitter:label1\" content=\"Est. reading time\" \/>\n\t<meta name=\"twitter:data1\" content=\"1 minute\" \/>\n<script type=\"application\/ld+json\" class=\"yoast-schema-graph\">{\"@context\":\"https:\/\/schema.org\",\"@graph\":[{\"@type\":\"WebPage\",\"@id\":\"https:\/\/www.mihokbarbara.hu\/kapcsolat\/\",\"url\":\"https:\/\/www.mihokbarbara.hu\/kapcsolat\/\",\"name\":\"Kapcsolat - Mih\u00f3k Barbara\",\"isPartOf\":{\"@id\":\"https:\/\/www.mihokbarbara.hu\/#website\"},\"primaryImageOfPage\":{\"@id\":\"https:\/\/www.mihokbarbara.hu\/kapcsolat\/#primaryimage\"},\"image\":{\"@id\":\"https:\/\/www.mihokbarbara.hu\/kapcsolat\/#primaryimage\"},\"thumbnailUrl\":\"https:\/\/www.mihokbarbara.hu\/wp-content\/uploads\/2024\/02\/MG_1380.jpg\",\"datePublished\":\"2024-02-18T20:53:31+00:00\",\"dateModified\":\"2024-03-10T20:41:49+00:00\",\"description\":\"Mih\u00f3k Barbara, \u00f6kol\u00f3gus \u00e9s ment\u00e1lhigi\u00e9n\u00e9s szakember. Seg\u00edtek biztons\u00e1gos \u00e9s jelent\u00e9steli kapcsolatot \u00e9p\u00edteni \u00f6nmagaddal \u00e9s a term\u00e9szettel.\",\"breadcrumb\":{\"@id\":\"https:\/\/www.mihokbarbara.hu\/kapcsolat\/#breadcrumb\"},\"inLanguage\":\"en-US\",\"potentialAction\":[{\"@type\":\"ReadAction\",\"target\":[\"https:\/\/www.mihokbarbara.hu\/kapcsolat\/\"]}]},{\"@type\":\"ImageObject\",\"inLanguage\":\"en-US\",\"@id\":\"https:\/\/www.mihokbarbara.hu\/kapcsolat\/#primaryimage\",\"url\":\"https:\/\/www.mihokbarbara.hu\/wp-content\/uploads\/2024\/02\/MG_1380.jpg\",\"contentUrl\":\"https:\/\/www.mihokbarbara.hu\/wp-content\/uploads\/2024\/02\/MG_1380.jpg\",\"width\":1200,\"height\":800},{\"@type\":\"BreadcrumbList\",\"@id\":\"https:\/\/www.mihokbarbara.hu\/kapcsolat\/#breadcrumb\",\"itemListElement\":[{\"@type\":\"ListItem\",\"position\":1,\"name\":\"Home\",\"item\":\"https:\/\/www.mihokbarbara.hu\/\"},{\"@type\":\"ListItem\",\"position\":2,\"name\":\"Kapcsolat\"}]},{\"@type\":\"WebSite\",\"@id\":\"https:\/\/www.mihokbarbara.hu\/#website\",\"url\":\"https:\/\/www.mihokbarbara.hu\/\",\"name\":\"Mih\u00f3k Barbara\",\"description\":\"Term\u00e9szet \u00e9s l\u00e9lek \u2013 testet \u00f6lt\u00f6tt kapcsolat \u2013 Mih\u00f3k Barbara \u00f6kol\u00f3gus \u00e9s ment\u00e1lhigi\u00e9n\u00e9s szakember\",\"potentialAction\":[{\"@type\":\"SearchAction\",\"target\":{\"@type\":\"EntryPoint\",\"urlTemplate\":\"https:\/\/www.mihokbarbara.hu\/?s={search_term_string}\"},\"query-input\":\"required name=search_term_string\"}],\"inLanguage\":\"en-US\"}]}<\/script>\n<!-- \/ Yoast SEO plugin. -->","yoast_head_json":{"title":"Kapcsolat - Mih\u00f3k Barbara","description":"Mih\u00f3k Barbara, \u00f6kol\u00f3gus \u00e9s ment\u00e1lhigi\u00e9n\u00e9s szakember. Seg\u00edtek biztons\u00e1gos \u00e9s jelent\u00e9steli kapcsolatot \u00e9p\u00edteni \u00f6nmagaddal \u00e9s a term\u00e9szettel.","robots":{"index":"index","follow":"follow","max-snippet":"max-snippet:-1","max-image-preview":"max-image-preview:large","max-video-preview":"max-video-preview:-1"},"canonical":"https:\/\/www.mihokbarbara.hu\/en\/kapcsolat\/","og_locale":"en_US","og_type":"article","og_title":"Mih\u00f3k Barbara, \u00f6kol\u00f3gus \u00e9s ment\u00e1lhigi\u00e9n\u00e9s szakember","og_description":"Seg\u00edtek biztons\u00e1gos \u00e9s jelent\u00e9steli kapcsolatot \u00e9p\u00edteni \u00f6nmagaddal \u00e9s a term\u00e9szettel.","og_url":"https:\/\/www.mihokbarbara.hu\/en\/kapcsolat\/","og_site_name":"Mih\u00f3k Barbara","article_modified_time":"2024-03-10T20:41:49+00:00","og_image":[{"width":1200,"height":800,"url":"https:\/\/www.mihokbarbara.hu\/wp-content\/uploads\/2024\/02\/MG_1380.jpg","type":"image\/jpeg"}],"twitter_card":"summary_large_image","twitter_title":"Mih\u00f3k Barbara, \u00f6kol\u00f3gus \u00e9s ment\u00e1lhigi\u00e9n\u00e9s szakember","twitter_description":"Seg\u00edtek biztons\u00e1gos \u00e9s jelent\u00e9steli kapcsolatot \u00e9p\u00edteni \u00f6nmagaddal \u00e9s a term\u00e9szettel.","twitter_image":"https:\/\/www.mihokbarbara.hu\/wp-content\/uploads\/2024\/02\/MG_1380.jpg","twitter_misc":{"Est. reading time":"1 minute"},"schema":{"@context":"https:\/\/schema.org","@graph":[{"@type":"WebPage","@id":"https:\/\/www.mihokbarbara.hu\/kapcsolat\/","url":"https:\/\/www.mihokbarbara.hu\/kapcsolat\/","name":"Kapcsolat - Mih\u00f3k Barbara","isPartOf":{"@id":"https:\/\/www.mihokbarbara.hu\/#website"},"primaryImageOfPage":{"@id":"https:\/\/www.mihokbarbara.hu\/kapcsolat\/#primaryimage"},"image":{"@id":"https:\/\/www.mihokbarbara.hu\/kapcsolat\/#primaryimage"},"thumbnailUrl":"https:\/\/www.mihokbarbara.hu\/wp-content\/uploads\/2024\/02\/MG_1380.jpg","datePublished":"2024-02-18T20:53:31+00:00","dateModified":"2024-03-10T20:41:49+00:00","description":"Mih\u00f3k Barbara, \u00f6kol\u00f3gus \u00e9s ment\u00e1lhigi\u00e9n\u00e9s szakember. Seg\u00edtek biztons\u00e1gos \u00e9s jelent\u00e9steli kapcsolatot \u00e9p\u00edteni \u00f6nmagaddal \u00e9s a term\u00e9szettel.","breadcrumb":{"@id":"https:\/\/www.mihokbarbara.hu\/kapcsolat\/#breadcrumb"},"inLanguage":"en-US","potentialAction":[{"@type":"ReadAction","target":["https:\/\/www.mihokbarbara.hu\/kapcsolat\/"]}]},{"@type":"ImageObject","inLanguage":"en-US","@id":"https:\/\/www.mihokbarbara.hu\/kapcsolat\/#primaryimage","url":"https:\/\/www.mihokbarbara.hu\/wp-content\/uploads\/2024\/02\/MG_1380.jpg","contentUrl":"https:\/\/www.mihokbarbara.hu\/wp-content\/uploads\/2024\/02\/MG_1380.jpg","width":1200,"height":800},{"@type":"BreadcrumbList","@id":"https:\/\/www.mihokbarbara.hu\/kapcsolat\/#breadcrumb","itemListElement":[{"@type":"ListItem","position":1,"name":"Home","item":"https:\/\/www.mihokbarbara.hu\/"},{"@type":"ListItem","position":2,"name":"Kapcsolat"}]},{"@type":"WebSite","@id":"https:\/\/www.mihokbarbara.hu\/#website","url":"https:\/\/www.mihokbarbara.hu\/","name":"Mih\u00f3k Barbara","description":"Term\u00e9szet \u00e9s l\u00e9lek \u2013 testet \u00f6lt\u00f6tt kapcsolat \u2013 Mih\u00f3k Barbara \u00f6kol\u00f3gus \u00e9s ment\u00e1lhigi\u00e9n\u00e9s szakember","potentialAction":[{"@type":"SearchAction","target":{"@type":"EntryPoint","urlTemplate":"https:\/\/www.mihokbarbara.hu\/?s={search_term_string}"},"query-input":"required name=search_term_string"}],"inLanguage":"en-US"}]}},"_links":{"self":[{"href":"https:\/\/www.mihokbarbara.hu\/en\/wp-json\/wp\/v2\/pages\/82","targetHints":{"allow":["GET"]}}],"collection":[{"href":"https:\/\/www.mihokbarbara.hu\/en\/wp-json\/wp\/v2\/pages"}],"about":[{"href":"https:\/\/www.mihokbarbara.hu\/en\/wp-json\/wp\/v2\/types\/page"}],"author":[{"embeddable":true,"href":"https:\/\/www.mihokbarbara.hu\/en\/wp-json\/wp\/v2\/users\/1"}],"replies":[{"embeddable":true,"href":"https:\/\/www.mihokbarbara.hu\/en\/wp-json\/wp\/v2\/comments?post=82"}],"version-history":[{"count":16,"href":"https:\/\/www.mihokbarbara.hu\/en\/wp-json\/wp\/v2\/pages\/82\/revisions"}],"predecessor-version":[{"id":269,"href":"https:\/\/www.mihokbarbara.hu\/en\/wp-json\/wp\/v2\/pages\/82\/revisions\/269"}],"wp:featuredmedia":[{"embeddable":true,"href":"https:\/\/www.mihokbarbara.hu\/en\/wp-json\/wp\/v2\/media\/30"}],"wp:attachment":[{"href":"https:\/\/www.mihokbarbara.hu\/en\/wp-json\/wp\/v2\/media?parent=82"}],"curies":[{"name":"wp","href":"https:\/\/api.w.org\/{rel}","templated":true}]}}